{"id":116,"date":"2026-01-25T15:08:54","date_gmt":"2026-01-25T15:08:54","guid":{"rendered":"https:\/\/kleineitaliaansecampings.nl\/?page_id=116"},"modified":"2026-01-25T15:15:00","modified_gmt":"2026-01-25T15:15:00","slug":"contact","status":"publish","type":"page","link":"https:\/\/kleineitaliaansecampings.nl\/index.php\/contact\/","title":{"rendered":"Contact"},"content":{"rendered":"\n<p><strong>Contact, opmerkingen en tips<\/strong><\/p>\n\n\n\n<p>Heeft u via onze website een leuke camping gevonden? Wilt u een opmerking maken over onze website? Heeft u een tip voor een mooie camping? Wilt u uw evenement laten opnemen in de K.I.C.-agenda?\u00a0Laat het ons weten en stuur\u00a0een mail\u00a0naar: <a href=\"mailto:info@kleineitaliaansecampings.nl\">info@kleineitaliaansecampings.nl<\/a>\u00a0of vul het contactformulier hieronder in.\u00a0We stellen het zeer op prijs als u ons laat weten wat u\u00a0 van deze website vindt.<\/p>\n\n\n\n<p>Bent u campingeigenaar en wilt u graag dat uw camping ook wordt vermeld op\u00a0<a href=\"https:\/\/kleineitaliaansecampings.nl\/\">www.kleineitaliaansecampings.nl<\/a>? Neem dan contact met ons op middels het onderstaande formulier. Ook als u wilt adverteren op deze site, kunt u ons op deze manier bereiken.<\/p>\n\n\n\n<p>Alvast bedankt!<\/p>\n\n\n\n<p><em><a href=\"https:\/\/kleineitaliaansecampings.nl\/wp-content\/uploads\/2013\/02\/Engelse-vlag.jpg\"><\/a>\u00a0Are you campsite owner and would you like to list your campsite on <\/em><a href=\"https:\/\/kleineitaliaansecampings.nl\">www.kleineitaliaansecampings.nl<\/a><em>? Please contact us via the contact form below. Also if you want to advertise on this site, you can contact us this way.<\/em><\/p>\n\n\n\n<p><em>Thanks in advance!<\/em><\/p>\n\n\n\n<p><em><a href=\"https:\/\/kleinefransecampings.nl\/wp-content\/uploads\/2018\/03\/Duitse-Vlag.jpg\"><\/a>Sind Sie Campingplatz Besitzer und m\u00f6chte Sie Ihre camping auch auf <a href=\"https:\/\/kleinefransecampings.nl\"><a href=\"https:\/\/kleineitaliaansecampings.nl\">www.kleineitaliaansecampings.nl<\/a><\/a>\u00a0gelistet ist? Bitte kontaktieren Sie uns \u00fcber das unten stehende Kontaktformular. Auch wenn Sie auf dieser Seite werben m\u00f6chten, k\u00f6nnen Sie uns kontaktieren.<\/em><\/p>\n\n\n\n<p><em>Vielen Dank!<\/em><\/p>\n\n\n\n<p><a href=\"https:\/\/kleinefransecampings.nl\/wp-content\/uploads\/2018\/03\/franse-vlag.png\"><\/a><em>\u00cates-vous propri\u00e9taire d\u00fan caming en souhaitez que votre camping soit list\u00e9 sur <a href=\"https:\/\/kleinefransecampings.nl\"><a href=\"https:\/\/kleineitaliaansecampings.nl\">www.kleineitaliaansecampings.nl<\/a><\/a>? S\u00edl vous pla\u00eet cantactez-nous en utilisant le formulaire de contact ci-dessous. M\u00eame si vous voulez faire de la publicit\u00e9 sur ce site, vous pouvez nous contacter de cette fa\u00e7on.<\/em><\/p>\n\n\n\n<p><em>Merci!<\/em><\/p>\n\n\n<p>[contact-form-7 id=&#8221;4&#8243; title=&#8221;Contactformulier 1&#8243;]<\/p>\n","protected":false},"excerpt":{"rendered":"<p>Contact, opmerkingen en tips Heeft u via onze website een leuke camping gevonden? Wilt u een opmerking maken over onze website? Heeft u een tip voor een mooie camping? Wilt u uw evenement laten opnemen in de K.I.C.-agenda?\u00a0Laat het ons weten en stuur\u00a0een mail\u00a0naar: info@kleineitaliaansecampings.nl\u00a0of vul het contactformulier hieronder in.\u00a0We stellen het zeer op prijs [&hellip;]<\/p>\n","protected":false},"author":2,"featured_media":0,"parent":0,"menu_order":0,"comment_status":"closed","ping_status":"closed","template":"","meta":{"footnotes":""},"class_list":["post-116","page","type-page","status-publish","hentry"],"_links":{"self":[{"href":"https:\/\/kleineitaliaansecampings.nl\/index.php\/wp-json\/wp\/v2\/pages\/116","targetHints":{"allow":["GET"]}}],"collection":[{"href":"https:\/\/kleineitaliaansecampings.nl\/index.php\/wp-json\/wp\/v2\/pages"}],"about":[{"href":"https:\/\/kleineitaliaansecampings.nl\/index.php\/wp-json\/wp\/v2\/types\/page"}],"author":[{"embeddable":true,"href":"https:\/\/kleineitaliaansecampings.nl\/index.php\/wp-json\/wp\/v2\/users\/2"}],"replies":[{"embeddable":true,"href":"https:\/\/kleineitaliaansecampings.nl\/index.php\/wp-json\/wp\/v2\/comments?post=116"}],"version-history":[{"count":3,"href":"https:\/\/kleineitaliaansecampings.nl\/index.php\/wp-json\/wp\/v2\/pages\/116\/revisions"}],"predecessor-version":[{"id":119,"href":"https:\/\/kleineitaliaansecampings.nl\/index.php\/wp-json\/wp\/v2\/pages\/116\/revisions\/119"}],"wp:attachment":[{"href":"https:\/\/kleineitaliaansecampings.nl\/index.php\/wp-json\/wp\/v2\/media?parent=116"}],"curies":[{"name":"wp","href":"https:\/\/api.w.org\/{rel}","templated":true}]}}